{"id":127,"date":"2019-04-19T22:14:01","date_gmt":"2019-04-19T22:14:01","guid":{"rendered":"http:\/\/agendafamilial.ca\/?page_id=127"},"modified":"2024-06-05T15:43:28","modified_gmt":"2024-06-05T20:43:28","slug":"contact","status":"publish","type":"page","link":"https:\/\/agendafamilial.ca\/en\/contact\/","title":{"rendered":"Contact"},"content":{"rendered":"<p>[et_pb_section fb_built=\u00a0\u00bb1&Prime; _builder_version=\u00a0\u00bb4.16&Prime; background_image=\u00a0\u00bbhttps:\/\/agendafamilial.ca\/wp-content\/uploads\/2019\/04\/circle-background-pattern.png\u00a0\u00bb custom_padding=\u00a0\u00bb67px|0px|8.2px|0px|false|false\u00a0\u00bb animation_style=\u00a0\u00bbzoom\u00a0\u00bb animation_intensity_zoom=\u00a0\u00bb4%\u00a0\u00bb global_colors_info=\u00a0\u00bb{}\u00a0\u00bb][et_pb_row _builder_version=\u00a0\u00bb4.16&Prime; background_size=\u00a0\u00bbinitial\u00a0\u00bb background_position=\u00a0\u00bbtop_left\u00a0\u00bb background_repeat=\u00a0\u00bbrepeat\u00a0\u00bb custom_padding=\u00a0\u00bb|||\u00a0\u00bb animation_style=\u00a0\u00bbslide\u00a0\u00bb animation_direction=\u00a0\u00bbtop\u00a0\u00bb animation_intensity_slide=\u00a0\u00bb3%\u00a0\u00bb global_colors_info=\u00a0\u00bb{}\u00a0\u00bb][et_pb_column type=\u00a0\u00bb4_4&Prime; _builder_version=\u00a0\u00bb4.16&Prime; custom_padding=\u00a0\u00bb|||\u00a0\u00bb global_colors_info=\u00a0\u00bb{}\u00a0\u00bb custom_padding__hover=\u00a0\u00bb|||\u00a0\u00bb][et_pb_text _builder_version=\u00a0\u00bb4.16&Prime; text_font=\u00a0\u00bb||||||||\u00a0\u00bb header_font=\u00a0\u00bbMontserrat|700||on|||||dotted\u00a0\u00bb header_text_color=\u00a0\u00bb#353740&Prime; header_font_size=\u00a0\u00bb42px\u00a0\u00bb header_line_height=\u00a0\u00bb1.3em\u00a0\u00bb background_size=\u00a0\u00bbinitial\u00a0\u00bb background_position=\u00a0\u00bbtop_left\u00a0\u00bb background_repeat=\u00a0\u00bbrepeat\u00a0\u00bb custom_margin=\u00a0\u00bb|||\u00a0\u00bb animation_style=\u00a0\u00bbfade\u00a0\u00bb header_font_size_last_edited=\u00a0\u00bboff|desktop\u00a0\u00bb locked=\u00a0\u00bboff\u00a0\u00bb global_colors_info=\u00a0\u00bb{}\u00a0\u00bb]<\/p>\n<h1>Contactez-nous<\/h1>\n<p>[\/et_pb_text][et_pb_divider show_divider=\u00a0\u00bboff\u00a0\u00bb disabled_on=\u00a0\u00bbon|on|off\u00a0\u00bb _builder_version=\u00a0\u00bb4.16&Prime; max_width=\u00a0\u00bb120px\u00a0\u00bb animation_style=\u00a0\u00bbslide\u00a0\u00bb animation_direction=\u00a0\u00bbtop\u00a0\u00bb animation_intensity_slide=\u00a0\u00bb30%\u00a0\u00bb global_colors_info=\u00a0\u00bb{}\u00a0\u00bb][\/et_pb_divider][\/et_pb_column][\/et_pb_row][\/et_pb_section][et_pb_section fb_built=\u00a0\u00bb1&Prime; admin_label=\u00a0\u00bbContact Section\u00a0\u00bb _builder_version=\u00a0\u00bb4.16&Prime; custom_padding=\u00a0\u00bb110px||110px|\u00a0\u00bb global_colors_info=\u00a0\u00bb{}\u00a0\u00bb][et_pb_row column_structure=\u00a0\u00bb1_2,1_2&Prime; admin_label=\u00a0\u00bbContact Area\u00a0\u00bb _builder_version=\u00a0\u00bb4.16&Prime; animation_style=\u00a0\u00bbzoom\u00a0\u00bb animation_intensity_zoom=\u00a0\u00bb20%\u00a0\u00bb global_colors_info=\u00a0\u00bb{}\u00a0\u00bb][et_pb_column type=\u00a0\u00bb1_2&Prime; _builder_version=\u00a0\u00bb4.16&Prime; custom_padding=\u00a0\u00bb|||\u00a0\u00bb global_colors_info=\u00a0\u00bb{}\u00a0\u00bb custom_padding__hover=\u00a0\u00bb|||\u00a0\u00bb][et_pb_text _builder_version=\u00a0\u00bb4.16&Prime; text_font=\u00a0\u00bbMontserrat||||\u00a0\u00bb text_text_color=\u00a0\u00bb#747d88&Prime; text_font_size=\u00a0\u00bb16px\u00a0\u00bb text_line_height=\u00a0\u00bb1.8em\u00a0\u00bb link_font=\u00a0\u00bb||||on|||#fcd21d|double\u00a0\u00bb link_text_color=\u00a0\u00bb#353740&Prime; header_font=\u00a0\u00bbMontserrat||||\u00a0\u00bb header_4_font=\u00a0\u00bbMontserrat|700|||||||\u00a0\u00bb header_4_text_color=\u00a0\u00bb#353740&Prime; header_4_font_size=\u00a0\u00bb22px\u00a0\u00bb header_4_line_height=\u00a0\u00bb1.9em\u00a0\u00bb animation_style=\u00a0\u00bbzoom\u00a0\u00bb animation_intensity_zoom=\u00a0\u00bb20%\u00a0\u00bb global_colors_info=\u00a0\u00bb{}\u00a0\u00bb]<\/p>\n<h4>Notre bureau<\/h4>\n<h4><strong>Agenda Familial &#8211; Agence Web Rive-Sud<\/strong><\/h4>\n<p><strong>Adresse:<\/strong> <a href=\"https:\/\/g.page\/agenda-familial?share\" title=\"Itin\u00e9raire\"><span>135-J Boulevard de Mortagne, Boucherville, QC J4B 6G4<\/span><\/a><\/p>\n<p><strong>T\u00e9l\u00e9phone:<\/strong> <a class=\"fl r-iN_ua5o99PYo\" href=\"tel:4504496925\" data-number=\"+14504496925\" data-pstn-out-call-url=\"\" title=\"Appeler\" jsaction=\"r.oVdbr2mIpA8\" data-rtid=\"iN_ua5o99PYo\" jsl=\"$t t-6xg4lalHw8M;$x 0;\" data-ved=\"2ahUKEwjnkoO1k93hAhVSmVkKHYp0BoMQkAgoADAUegQIFxAD\">(450) 449-6925<\/a><\/p>\n<p><strong>Courriel:<\/strong> <a href=\"mailto:info@agendafamilial.ca\">info@agendafamilial.ca<\/a><\/p>\n<p><strong>Heures\u00a0d&rsquo;ouverture<\/strong><\/p>\n<ul>\n<li>Lundi: 08:00 &#8211; 16:30<\/li>\n<li>Mardi: 08:00 &#8211; 16:30<\/li>\n<li>Mercredi: 08:00 &#8211; 16:30<\/li>\n<li>Jeudi: 08:00 &#8211; 16:30<\/li>\n<li>Vendredi: 08:00 &#8211; 14:00<\/li>\n<li>Samedi: Ferm\u00e9<\/li>\n<li>Dimanche: Ferm\u00e9<\/li>\n<\/ul>\n<p>[\/et_pb_text][\/et_pb_column][et_pb_column type=\u00a0\u00bb1_2&Prime; _builder_version=\u00a0\u00bb4.16&Prime; custom_padding=\u00a0\u00bb|||\u00a0\u00bb global_colors_info=\u00a0\u00bb{}\u00a0\u00bb custom_padding__hover=\u00a0\u00bb|||\u00a0\u00bb][et_pb_code _builder_version=\u00a0\u00bb4.16&Prime; global_colors_info=\u00a0\u00bb{}\u00a0\u00bb]<iframe loading=\"lazy\" src=\"https:\/\/www.google.com\/maps\/embed?pb=!1m14!1m8!1m3!1d253623.35742655955!2d-73.62798327534796!3d45.56764736137574!3m2!1i1024!2i768!4f13.1!3m3!1m2!1s0x0%3A0xc3a0f33af9e5e3a7!2sAgenda+Familial+L.B.+Inc!5e0!3m2!1sfr!2sca!4v1565362161676!5m2!1sfr!2sca\" width=\"600\" height=\"450\" frameborder=\"0\" style=\"border:0\" allowfullscreen><\/iframe>[\/et_pb_code][\/et_pb_column][\/et_pb_row][et_pb_row _builder_version=\u00a0\u00bb3.22.4&Prime; global_module=\u00a0\u00bb819&Prime; global_colors_info=\u00a0\u00bb{}\u00a0\u00bb][et_pb_column type=\u00a0\u00bb4_4&Prime; _builder_version=\u00a0\u00bb4.16&Prime; custom_padding=\u00a0\u00bb|||\u00a0\u00bb global_colors_info=\u00a0\u00bb{}\u00a0\u00bb custom_padding__hover=\u00a0\u00bb|||\u00a0\u00bb][et_pb_text _builder_version=\u00a0\u00bb4.16&Prime; text_font=\u00a0\u00bb||||||||\u00a0\u00bb header_font=\u00a0\u00bb||||||||\u00a0\u00bb header_2_font=\u00a0\u00bb||||||||\u00a0\u00bb header_2_font_size=\u00a0\u00bb42px\u00a0\u00bb text_orientation=\u00a0\u00bbcenter\u00a0\u00bb global_colors_info=\u00a0\u00bb{}\u00a0\u00bb]<\/p>\n<h2>VISITE VIRTUELLE GOOGLE DE NOS BUREAUX<\/h2>\n<p>[\/et_pb_text][et_pb_image src=\u00a0\u00bbhttps:\/\/agendafamilial.ca\/wp-content\/uploads\/2019\/08\/visite_virtuelle_google_bureau_agenda_familial.jpg\u00a0\u00bb url=\u00a0\u00bbhttps:\/\/goo.gl\/maps\/g74pVscBDRp9vZyn9&Prime; url_new_window=\u00a0\u00bbon\u00a0\u00bb align=\u00a0\u00bbcenter\u00a0\u00bb force_fullwidth=\u00a0\u00bbon\u00a0\u00bb align_tablet=\u00a0\u00bbcenter\u00a0\u00bb align_last_edited=\u00a0\u00bbon|desktop\u00a0\u00bb _builder_version=\u00a0\u00bb4.16&Prime; border_radii=\u00a0\u00bbon|32px|32px|32px|32px\u00a0\u00bb box_shadow_style=\u00a0\u00bbpreset1&Prime; box_shadow_vertical=\u00a0\u00bb44px\u00a0\u00bb box_shadow_blur=\u00a0\u00bb9px\u00a0\u00bb box_shadow_spread=\u00a0\u00bb14px\u00a0\u00bb global_colors_info=\u00a0\u00bb{}\u00a0\u00bb align_phone=\u00a0\u00bbcenter\u00a0\u00bb][\/et_pb_image][\/et_pb_column][\/et_pb_row][\/et_pb_section][et_pb_section fb_built=\u00a0\u00bb1&Prime; admin_label=\u00a0\u00bbContact Form Section\u00a0\u00bb _builder_version=\u00a0\u00bb3.22.3&Prime; background_color=\u00a0\u00bb#fcd21d\u00a0\u00bb custom_margin=\u00a0\u00bb||-1px|||\u00a0\u00bb custom_padding=\u00a0\u00bb110px||110px|\u00a0\u00bb animation_style=\u00a0\u00bbzoom\u00a0\u00bb animation_direction=\u00a0\u00bbbottom\u00a0\u00bb animation_intensity_zoom=\u00a0\u00bb10%\u00a0\u00bb global_module=\u00a0\u00bb744&Prime; saved_tabs=\u00a0\u00bball\u00a0\u00bb global_colors_info=\u00a0\u00bb{}\u00a0\u00bb][et_pb_row column_structure=\u00a0\u00bb1_3,1_3,1_3&Prime; _builder_version=\u00a0\u00bb4.16&Prime; global_colors_info=\u00a0\u00bb{}\u00a0\u00bb][et_pb_column type=\u00a0\u00bb1_3&Prime; _builder_version=\u00a0\u00bb4.16&Prime; custom_padding=\u00a0\u00bb|||\u00a0\u00bb global_colors_info=\u00a0\u00bb{}\u00a0\u00bb custom_padding__hover=\u00a0\u00bb|||\u00a0\u00bb][et_pb_button button_url=\u00a0\u00bbhttps:\/\/agendafamilial.ca\/gestion-medias-sociaux-facebook\/\u00a0\u00bb button_text=\u00a0\u00bbGestion de page Facebook\u00a0\u00bb button_alignment=\u00a0\u00bbcenter\u00a0\u00bb _builder_version=\u00a0\u00bb4.16&Prime; custom_button=\u00a0\u00bbon\u00a0\u00bb button_text_color=\u00a0\u00bb#000000&Prime; button_font=\u00a0\u00bb||||||||\u00a0\u00bb button_icon=\u00a0\u00bb&#x23;||divi||400&Prime; button_icon_placement=\u00a0\u00bbleft\u00a0\u00bb button_on_hover=\u00a0\u00bboff\u00a0\u00bb animation_style=\u00a0\u00bbfade\u00a0\u00bb global_colors_info=\u00a0\u00bb{}\u00a0\u00bb][\/et_pb_button][\/et_pb_column][et_pb_column type=\u00a0\u00bb1_3&Prime; _builder_version=\u00a0\u00bb4.16&Prime; custom_padding=\u00a0\u00bb|||\u00a0\u00bb global_colors_info=\u00a0\u00bb{}\u00a0\u00bb custom_padding__hover=\u00a0\u00bb|||\u00a0\u00bb][et_pb_button button_url=\u00a0\u00bbhttps:\/\/agendafamilial.ca\/creation-de-site-web\/\u00a0\u00bb button_text=\u00a0\u00bbCr\u00e9ation de site web\u00a0\u00bb button_alignment=\u00a0\u00bbcenter\u00a0\u00bb _builder_version=\u00a0\u00bb4.16&Prime; custom_button=\u00a0\u00bbon\u00a0\u00bb button_text_color=\u00a0\u00bb#000000&Prime; button_font=\u00a0\u00bb||||||||\u00a0\u00bb button_icon=\u00a0\u00bb&#x4a;||divi||400&Prime; button_on_hover=\u00a0\u00bboff\u00a0\u00bb animation_style=\u00a0\u00bbfade\u00a0\u00bb global_colors_info=\u00a0\u00bb{}\u00a0\u00bb][\/et_pb_button][\/et_pb_column][et_pb_column type=\u00a0\u00bb1_3&Prime; _builder_version=\u00a0\u00bb4.16&Prime; custom_padding=\u00a0\u00bb|||\u00a0\u00bb global_colors_info=\u00a0\u00bb{}\u00a0\u00bb custom_padding__hover=\u00a0\u00bb|||\u00a0\u00bb][et_pb_button button_url=\u00a0\u00bbhttps:\/\/agendafamilial.ca\/gestion-google-mon-entreprise\/\u00a0\u00bb button_text=\u00a0\u00bbGestion de page Google\u00a0\u00bb button_alignment=\u00a0\u00bbcenter\u00a0\u00bb _builder_version=\u00a0\u00bb4.16&Prime; custom_button=\u00a0\u00bbon\u00a0\u00bb button_text_color=\u00a0\u00bb#000000&Prime; button_font=\u00a0\u00bb||||||||\u00a0\u00bb button_icon=\u00a0\u00bb&#x24;||divi||400&Prime; button_on_hover=\u00a0\u00bboff\u00a0\u00bb global_colors_info=\u00a0\u00bb{}\u00a0\u00bb][\/et_pb_button][\/et_pb_column][\/et_pb_row][et_pb_row _builder_version=\u00a0\u00bb4.16&Prime; global_colors_info=\u00a0\u00bb{}\u00a0\u00bb][et_pb_column type=\u00a0\u00bb4_4&Prime; _builder_version=\u00a0\u00bb4.16&Prime; global_colors_info=\u00a0\u00bb{}\u00a0\u00bb][et_pb_toggle title=\u00a0\u00bbAgenda Familial &#8211; Agence Web Marketing aide des entreprises \u00e0 se d\u00e9marquer dans tout les villes de la Rive-Sud de Montr\u00e9al et les environs.\u00a0\u00bb icon_color=\u00a0\u00bb#ffffff\u00a0\u00bb use_icon_font_size=\u00a0\u00bbon\u00a0\u00bb icon_font_size=\u00a0\u00bb42px\u00a0\u00bb open_icon_color=\u00a0\u00bb#ffffff\u00a0\u00bb open_use_icon_font_size=\u00a0\u00bbon\u00a0\u00bb open_icon_font_size=\u00a0\u00bb42px\u00a0\u00bb _builder_version=\u00a0\u00bb4.16&Prime; title_level=\u00a0\u00bbh3&Prime; title_font=\u00a0\u00bb||on||||||\u00a0\u00bb title_text_align=\u00a0\u00bbcenter\u00a0\u00bb background_color=\u00a0\u00bbrgba(0,0,0,0)\u00a0\u00bb border_width_all=\u00a0\u00bb0px\u00a0\u00bb global_colors_info=\u00a0\u00bb{}\u00a0\u00bb]<\/p>\n<ul>\n<li>Bel\u0153il<\/li>\n<li><a href=\"https:\/\/agendafamilial.ca\/agence-web-boucherville\/\">Boucherville<\/a><\/li>\n<li>Brossard<\/li>\n<li>Carignan<\/li>\n<li>Chambly<\/li>\n<li>Ch\u00e2teauguay<\/li>\n<li>Delson<\/li>\n<li>La Prairie<\/li>\n<li>Laval<\/li>\n<li>Longueuil<\/li>\n<li>McMasterville<\/li>\n<li>Mont-Saint-Hilaire<\/li>\n<li>Montr\u00e9al<\/li>\n<li>Otterburn Park<\/li>\n<li>Saint-Basile-le-Grand<\/li>\n<li>Saint-Bruno-de-Montarville<\/li>\n<li>Sainte-Catherine<\/li>\n<li>Saint-Constant<\/li>\n<li>Saint-Isidore<\/li>\n<li>Sainte-Julie<\/li>\n<li>Saint-Lambert<\/li>\n<li>Saint-Philippe<\/li>\n<li><a href=\"https:\/\/agendafamilial.ca\/creation-de-site-web\/conception-de-site-web-saint-jean-sur-richelieu\/\">Saint-Jean-sur-Richelieu<\/a><\/li>\n<li>Sorel-Tracy<\/li>\n<li>Varennes<\/li>\n<\/ul>\n<p>&nbsp;<\/p>\n<p>[\/et_pb_toggle][\/et_pb_column][\/et_pb_row][et_pb_row _builder_version=\u00a0\u00bb4.16&Prime; module_alignment=\u00a0\u00bbcenter\u00a0\u00bb global_colors_info=\u00a0\u00bb{}\u00a0\u00bb][et_pb_column type=\u00a0\u00bb4_4&Prime; _builder_version=\u00a0\u00bb4.16&Prime; global_colors_info=\u00a0\u00bb{}\u00a0\u00bb][et_pb_code _builder_version=\u00a0\u00bb4.16&Prime; global_colors_info=\u00a0\u00bb{}\u00a0\u00bb]<iframe loading=\"lazy\" src=\"https:\/\/www.google.com\/maps\/embed?pb=!1m18!1m12!1m3!1d276331.366311117!2d-73.64217506586324!3d45.56809292222552!2m3!1f0!2f0!3f0!3m2!1i1024!2i768!4f13.1!3m3!1m2!1s0x4cc91e6faa2bf23b%3A0xc3a0f33af9e5e3a7!2sAgenda%20Familial%20-%20Agence%20web%20%26%20Imprim%C3%A9!5e0!3m2!1sfr!2sca!4v1568659852039!5m2!1sfr!2sca\" width=\"100%\" height=\"300\" frameborder=\"0\" style=\"border:0;\" allowfullscreen=\"\"><\/iframe>[\/et_pb_code][et_pb_text _builder_version=\u00a0\u00bb4.16&Prime; link_option_url=\u00a0\u00bbhttps:\/\/agendafamilial.ca\/\u00a0\u00bb global_colors_info=\u00a0\u00bb{}\u00a0\u00bb]<\/p>\n<h4 style=\"text-align: center;\"><span>Agenda Familial &#8211; Agence Web Marketing \ud83d\ude80<\/span><\/h4>\n<p style=\"text-align: center;\"><span style=\"color: #333333;\"><strong>Experts Google &#8211; <a href=\"https:\/\/agendafamilial.ca\/creation-de-site-web\/\" title=\"Conception de site web\" style=\"color: #333333;\">Conception de site web<\/a> &#8211; R\u00e9f\u00e9rencement SEO &#8211; Google Ads &#8211; <a href=\"https:\/\/agendafamilial.ca\/referencement-local\/\" title=\"R\u00e9f\u00e9rencement local\" style=\"color: #333333;\">R\u00e9f\u00e9rencement local<\/a> &#8211; <a href=\"https:\/\/agendafamilial.ca\/gestion-google-mon-entreprise\/\" title=\"Profil d'entreprise Google\" style=\"color: #333333;\">Profil d&rsquo;entreprise Google<\/a><\/strong><\/span><\/p>\n<p>[\/et_pb_text][\/et_pb_column][\/et_pb_row][\/et_pb_section]<\/p>\n","protected":false},"excerpt":{"rendered":"<p>Contactez-nousNotre bureau Agenda Familial &#8211; Agence Web Rive-Sud Adresse: 135-J Boulevard de Mortagne, Boucherville, QC J4B 6G4 T\u00e9l\u00e9phone: (450) 449-6925 Courriel: info@agendafamilial.ca Heures\u00a0d&rsquo;ouverture Lundi: 08:00 &#8211; 16:30 Mardi: 08:00 &#8211; 16:30 Mercredi: 08:00 &#8211; 16:30 Jeudi: 08:00 &#8211; 16:30 Vendredi: 08:00 &#8211; 14:00 Samedi: Ferm\u00e9 Dimanche: Ferm\u00e9 VISITE VIRTUELLE GOOGLE DE NOS BUREAUX Bel\u0153il Boucherville [&hellip;]<\/p>\n","protected":false},"author":2,"featured_media":752,"parent":0,"menu_order":0,"comment_status":"closed","ping_status":"closed","template":"","meta":{"_et_pb_use_builder":"on","_et_pb_old_content":"","_et_gb_content_width":"","content-type":"","footnotes":""},"class_list":["post-127","page","type-page","status-publish","has-post-thumbnail","hentry"],"yoast_head":"<!-- This site is optimized with the Yoast SEO plugin v27.5 - https:\/\/yoast.com\/product\/yoast-seo-wordpress\/ -->\n<title>Contact - Agenda Familial - Agence Web Rive-Sud<\/title>\n<meta name=\"description\" content=\"Contactez-Nous: Agenda Familial - Agence Web Rive-Sud Adresse: 135-J Boulevard de Mortagne, Boucherville, QC J4B 6G4 T\u00e9l\u00e9phone: (450) 449-6925 Courriel: info@agendafamilial.ca\" \/>\n<meta name=\"robots\" content=\"index, follow, max-snippet:-1, max-image-preview:large, max-video-preview:-1\" \/>\n<link rel=\"canonical\" href=\"https:\/\/agendafamilial.ca\/en\/contact\/\" \/>\n<meta property=\"og:locale\" content=\"en_US\" \/>\n<meta property=\"og:type\" content=\"article\" \/>\n<meta property=\"og:title\" content=\"Contact - Agenda Familial - Agence Web Rive-Sud\" \/>\n<meta property=\"og:description\" content=\"Contactez-Nous: Agenda Familial - Agence Web Rive-Sud Adresse: 135-J Boulevard de Mortagne, Boucherville, QC J4B 6G4 T\u00e9l\u00e9phone: (450) 449-6925 Courriel: info@agendafamilial.ca\" \/>\n<meta property=\"og:url\" content=\"https:\/\/agendafamilial.ca\/en\/contact\/\" \/>\n<meta property=\"og:site_name\" content=\"Agenda Familial\" \/>\n<meta property=\"article:publisher\" content=\"https:\/\/www.facebook.com\/AgendaFamilial\/\" \/>\n<meta property=\"article:modified_time\" content=\"2024-06-05T20:43:28+00:00\" \/>\n<meta property=\"og:image\" content=\"https:\/\/agendafamilial.ca\/wp-content\/uploads\/2019\/08\/Logo_agenda_familial.png\" \/>\n\t<meta property=\"og:image:width\" content=\"2000\" \/>\n\t<meta property=\"og:image:height\" content=\"2000\" \/>\n\t<meta property=\"og:image:type\" content=\"image\/png\" \/>\n<meta name=\"twitter:card\" content=\"summary_large_image\" \/>\n<meta name=\"twitter:label1\" content=\"Est. reading time\" \/>\n\t<meta name=\"twitter:data1\" content=\"3 minutes\" \/>\n<script type=\"application\/ld+json\" class=\"yoast-schema-graph\">{\"@context\":\"https:\\\/\\\/schema.org\",\"@graph\":[{\"@type\":\"WebPage\",\"@id\":\"https:\\\/\\\/agendafamilial.ca\\\/contact\\\/\",\"url\":\"https:\\\/\\\/agendafamilial.ca\\\/contact\\\/\",\"name\":\"Contact - Agenda Familial - Agence Web Rive-Sud\",\"isPartOf\":{\"@id\":\"https:\\\/\\\/agendafamilial.ca\\\/#website\"},\"primaryImageOfPage\":{\"@id\":\"https:\\\/\\\/agendafamilial.ca\\\/contact\\\/#primaryimage\"},\"image\":{\"@id\":\"https:\\\/\\\/agendafamilial.ca\\\/contact\\\/#primaryimage\"},\"thumbnailUrl\":\"https:\\\/\\\/agendafamilial.ca\\\/wp-content\\\/uploads\\\/2019\\\/08\\\/Logo_agenda_familial.png\",\"datePublished\":\"2019-04-19T22:14:01+00:00\",\"dateModified\":\"2024-06-05T20:43:28+00:00\",\"description\":\"Contactez-Nous: Agenda Familial - Agence Web Rive-Sud Adresse: 135-J Boulevard de Mortagne, Boucherville, QC J4B 6G4 T\u00e9l\u00e9phone: (450) 449-6925 Courriel: info@agendafamilial.ca\",\"breadcrumb\":{\"@id\":\"https:\\\/\\\/agendafamilial.ca\\\/contact\\\/#breadcrumb\"},\"inLanguage\":\"en-CA\",\"potentialAction\":[{\"@type\":\"ReadAction\",\"target\":[\"https:\\\/\\\/agendafamilial.ca\\\/contact\\\/\"]}]},{\"@type\":\"ImageObject\",\"inLanguage\":\"en-CA\",\"@id\":\"https:\\\/\\\/agendafamilial.ca\\\/contact\\\/#primaryimage\",\"url\":\"https:\\\/\\\/agendafamilial.ca\\\/wp-content\\\/uploads\\\/2019\\\/08\\\/Logo_agenda_familial.png\",\"contentUrl\":\"https:\\\/\\\/agendafamilial.ca\\\/wp-content\\\/uploads\\\/2019\\\/08\\\/Logo_agenda_familial.png\",\"width\":2000,\"height\":2000,\"caption\":\"Agenda Familial\"},{\"@type\":\"BreadcrumbList\",\"@id\":\"https:\\\/\\\/agendafamilial.ca\\\/contact\\\/#breadcrumb\",\"itemListElement\":[{\"@type\":\"ListItem\",\"position\":1,\"name\":\"Acceuil\",\"item\":\"https:\\\/\\\/agendafamilial.ca\\\/\"},{\"@type\":\"ListItem\",\"position\":2,\"name\":\"Contact\"}]},{\"@type\":\"WebSite\",\"@id\":\"https:\\\/\\\/agendafamilial.ca\\\/#website\",\"url\":\"https:\\\/\\\/agendafamilial.ca\\\/\",\"name\":\"Agenda Familial\",\"description\":\"Nous sommes une agence web sur la Rive-Sud de Montr\u00e9al. Notre mission, aider les petites et moyennes entreprises \u00e0 am\u00e9liorer leur visibilit\u00e9 locale depuis 1992\",\"publisher\":{\"@id\":\"https:\\\/\\\/agendafamilial.ca\\\/#organization\"},\"potentialAction\":[{\"@type\":\"SearchAction\",\"target\":{\"@type\":\"EntryPoint\",\"urlTemplate\":\"https:\\\/\\\/agendafamilial.ca\\\/?s={search_term_string}\"},\"query-input\":{\"@type\":\"PropertyValueSpecification\",\"valueRequired\":true,\"valueName\":\"search_term_string\"}}],\"inLanguage\":\"en-CA\"},{\"@type\":\"Organization\",\"@id\":\"https:\\\/\\\/agendafamilial.ca\\\/#organization\",\"name\":\"Agenda Familial\",\"url\":\"https:\\\/\\\/agendafamilial.ca\\\/\",\"logo\":{\"@type\":\"ImageObject\",\"inLanguage\":\"en-CA\",\"@id\":\"https:\\\/\\\/agendafamilial.ca\\\/#\\\/schema\\\/logo\\\/image\\\/\",\"url\":\"https:\\\/\\\/agendafamilial.ca\\\/wp-content\\\/uploads\\\/2019\\\/04\\\/Logo_Agenda_Familial_Agence_Marketing.png\",\"contentUrl\":\"https:\\\/\\\/agendafamilial.ca\\\/wp-content\\\/uploads\\\/2019\\\/04\\\/Logo_Agenda_Familial_Agence_Marketing.png\",\"width\":150,\"height\":150,\"caption\":\"Agenda Familial\"},\"image\":{\"@id\":\"https:\\\/\\\/agendafamilial.ca\\\/#\\\/schema\\\/logo\\\/image\\\/\"},\"sameAs\":[\"https:\\\/\\\/www.facebook.com\\\/AgendaFamilial\\\/\"]}]}<\/script>\n<!-- \/ Yoast SEO plugin. -->","yoast_head_json":{"title":"Contact - Agenda Familial - Agence Web Rive-Sud","description":"Contact us: Agenda Familial - Agence Web Rive-Sud Address: 135-J Boulevard de Mortagne, Boucherville, QC J4B 6G4 Phone: (450) 449-6925 Email: info@agendafamilial.ca","robots":{"index":"index","follow":"follow","max-snippet":"max-snippet:-1","max-image-preview":"max-image-preview:large","max-video-preview":"max-video-preview:-1"},"canonical":"https:\/\/agendafamilial.ca\/en\/contact\/","og_locale":"en_US","og_type":"article","og_title":"Contact - Agenda Familial - Agence Web Rive-Sud","og_description":"Contactez-Nous: Agenda Familial - Agence Web Rive-Sud Adresse: 135-J Boulevard de Mortagne, Boucherville, QC J4B 6G4 T\u00e9l\u00e9phone: (450) 449-6925 Courriel: info@agendafamilial.ca","og_url":"https:\/\/agendafamilial.ca\/en\/contact\/","og_site_name":"Agenda Familial","article_publisher":"https:\/\/www.facebook.com\/AgendaFamilial\/","article_modified_time":"2024-06-05T20:43:28+00:00","og_image":[{"width":2000,"height":2000,"url":"https:\/\/agendafamilial.ca\/wp-content\/uploads\/2019\/08\/Logo_agenda_familial.png","type":"image\/png"}],"twitter_card":"summary_large_image","twitter_misc":{"Est. reading time":"3 minutes"},"schema":{"@context":"https:\/\/schema.org","@graph":[{"@type":"WebPage","@id":"https:\/\/agendafamilial.ca\/contact\/","url":"https:\/\/agendafamilial.ca\/contact\/","name":"Contact - Agenda Familial - Agence Web Rive-Sud","isPartOf":{"@id":"https:\/\/agendafamilial.ca\/#website"},"primaryImageOfPage":{"@id":"https:\/\/agendafamilial.ca\/contact\/#primaryimage"},"image":{"@id":"https:\/\/agendafamilial.ca\/contact\/#primaryimage"},"thumbnailUrl":"https:\/\/agendafamilial.ca\/wp-content\/uploads\/2019\/08\/Logo_agenda_familial.png","datePublished":"2019-04-19T22:14:01+00:00","dateModified":"2024-06-05T20:43:28+00:00","description":"Contact us: Agenda Familial - Agence Web Rive-Sud Address: 135-J Boulevard de Mortagne, Boucherville, QC J4B 6G4 Phone: (450) 449-6925 Email: info@agendafamilial.ca","breadcrumb":{"@id":"https:\/\/agendafamilial.ca\/contact\/#breadcrumb"},"inLanguage":"en-CA","potentialAction":[{"@type":"ReadAction","target":["https:\/\/agendafamilial.ca\/contact\/"]}]},{"@type":"ImageObject","inLanguage":"en-CA","@id":"https:\/\/agendafamilial.ca\/contact\/#primaryimage","url":"https:\/\/agendafamilial.ca\/wp-content\/uploads\/2019\/08\/Logo_agenda_familial.png","contentUrl":"https:\/\/agendafamilial.ca\/wp-content\/uploads\/2019\/08\/Logo_agenda_familial.png","width":2000,"height":2000,"caption":"Agenda Familial"},{"@type":"BreadcrumbList","@id":"https:\/\/agendafamilial.ca\/contact\/#breadcrumb","itemListElement":[{"@type":"ListItem","position":1,"name":"Acceuil","item":"https:\/\/agendafamilial.ca\/"},{"@type":"ListItem","position":2,"name":"Contact"}]},{"@type":"WebSite","@id":"https:\/\/agendafamilial.ca\/#website","url":"https:\/\/agendafamilial.ca\/","name":"Family Agenda","description":"We're a web agency on Montreal's South Shore. Our mission, since 1992, has been to help small and medium-sized businesses improve their local visibility.","publisher":{"@id":"https:\/\/agendafamilial.ca\/#organization"},"potentialAction":[{"@type":"SearchAction","target":{"@type":"EntryPoint","urlTemplate":"https:\/\/agendafamilial.ca\/?s={search_term_string}"},"query-input":{"@type":"PropertyValueSpecification","valueRequired":true,"valueName":"search_term_string"}}],"inLanguage":"en-CA"},{"@type":"Organization","@id":"https:\/\/agendafamilial.ca\/#organization","name":"Family Agenda","url":"https:\/\/agendafamilial.ca\/","logo":{"@type":"ImageObject","inLanguage":"en-CA","@id":"https:\/\/agendafamilial.ca\/#\/schema\/logo\/image\/","url":"https:\/\/agendafamilial.ca\/wp-content\/uploads\/2019\/04\/Logo_Agenda_Familial_Agence_Marketing.png","contentUrl":"https:\/\/agendafamilial.ca\/wp-content\/uploads\/2019\/04\/Logo_Agenda_Familial_Agence_Marketing.png","width":150,"height":150,"caption":"Agenda Familial"},"image":{"@id":"https:\/\/agendafamilial.ca\/#\/schema\/logo\/image\/"},"sameAs":["https:\/\/www.facebook.com\/AgendaFamilial\/"]}]}},"_links":{"self":[{"href":"https:\/\/agendafamilial.ca\/en\/wp-json\/wp\/v2\/pages\/127","targetHints":{"allow":["GET"]}}],"collection":[{"href":"https:\/\/agendafamilial.ca\/en\/wp-json\/wp\/v2\/pages"}],"about":[{"href":"https:\/\/agendafamilial.ca\/en\/wp-json\/wp\/v2\/types\/page"}],"author":[{"embeddable":true,"href":"https:\/\/agendafamilial.ca\/en\/wp-json\/wp\/v2\/users\/2"}],"replies":[{"embeddable":true,"href":"https:\/\/agendafamilial.ca\/en\/wp-json\/wp\/v2\/comments?post=127"}],"version-history":[{"count":3,"href":"https:\/\/agendafamilial.ca\/en\/wp-json\/wp\/v2\/pages\/127\/revisions"}],"predecessor-version":[{"id":4870,"href":"https:\/\/agendafamilial.ca\/en\/wp-json\/wp\/v2\/pages\/127\/revisions\/4870"}],"wp:featuredmedia":[{"embeddable":true,"href":"https:\/\/agendafamilial.ca\/en\/wp-json\/wp\/v2\/media\/752"}],"wp:attachment":[{"href":"https:\/\/agendafamilial.ca\/en\/wp-json\/wp\/v2\/media?parent=127"}],"curies":[{"name":"wp","href":"https:\/\/api.w.org\/{rel}","templated":true}]}}