{"id":1871,"date":"2020-09-14T13:42:46","date_gmt":"2020-09-14T17:42:46","guid":{"rendered":"https:\/\/agendafamilial.ca\/?page_id=1871"},"modified":"2023-08-14T09:25:14","modified_gmt":"2023-08-14T14:25:14","slug":"list-of-cities-on-montreals-south-shore","status":"publish","type":"page","link":"https:\/\/agendafamilial.ca\/en\/list-of-cities-on-montreals-south-shore\/","title":{"rendered":"List of cities on the South Shore of Montreal"},"content":{"rendered":"<p>[et_pb_section fb_built=\u00a0\u00bb1&Prime; admin_label=\u00a0\u00bbHero\u00a0\u00bb _builder_version=\u00a0\u00bb4.16&Prime; background_color=\u00a0\u00bb#fcd21d\u00a0\u00bb background_image=\u00a0\u00bbhttps:\/\/agendafamilial.ca\/wp-content\/uploads\/2019\/04\/circle-background-pattern.png\u00a0\u00bb custom_padding=\u00a0\u00bb|||\u00a0\u00bb animation_style=\u00a0\u00bbzoom\u00a0\u00bb animation_intensity_zoom=\u00a0\u00bb4%\u00a0\u00bb global_colors_info=\u00a0\u00bb{}\u00a0\u00bb][et_pb_row _builder_version=\u00a0\u00bb4.16&Prime; global_colors_info=\u00a0\u00bb{}\u00a0\u00bb][et_pb_column type=\u00a0\u00bb4_4&Prime; _builder_version=\u00a0\u00bb4.16&Prime; custom_padding=\u00a0\u00bb|||\u00a0\u00bb global_colors_info=\u00a0\u00bb{}\u00a0\u00bb custom_padding__hover=\u00a0\u00bb|||\u00a0\u00bb][et_pb_text _builder_version=\u00a0\u00bb4.16&Prime; text_font=\u00a0\u00bb||||||||\u00a0\u00bb text_font_size=\u00a0\u00bb10px\u00a0\u00bb header_font=\u00a0\u00bbMontserrat|700||on|||||\u00a0\u00bb header_text_color=\u00a0\u00bb#f7f7f7&Prime; header_font_size=\u00a0\u00bb33px\u00a0\u00bb header_line_height=\u00a0\u00bb1.3em\u00a0\u00bb background_size=\u00a0\u00bbinitial\u00a0\u00bb background_position=\u00a0\u00bbtop_left\u00a0\u00bb background_repeat=\u00a0\u00bbrepeat\u00a0\u00bb custom_margin=\u00a0\u00bb||7px|||\u00a0\u00bb animation_style=\u00a0\u00bbfade\u00a0\u00bb header_font_size_tablet=\u00a0\u00bb\u00a0\u00bb header_font_size_phone=\u00a0\u00bb32px\u00a0\u00bb header_font_size_last_edited=\u00a0\u00bbon|phone\u00a0\u00bb locked=\u00a0\u00bboff\u00a0\u00bb global_colors_info=\u00a0\u00bb{}\u00a0\u00bb]<\/p>\n<h1><span style=\"color: #353740;\">Liste des villes de la Rive-Sud de Montr\u00e9al<\/span><\/h1>\n<p>[\/et_pb_text][\/et_pb_column][\/et_pb_row][\/et_pb_section][et_pb_section fb_built=\u00a0\u00bb1&Prime; admin_label=\u00a0\u00bbProjects Section\u00a0\u00bb _builder_version=\u00a0\u00bb4.16&Prime; custom_margin=\u00a0\u00bb|||\u00a0\u00bb custom_padding=\u00a0\u00bb110px||110px|\u00a0\u00bb global_colors_info=\u00a0\u00bb{}\u00a0\u00bb][et_pb_row column_structure=\u00a0\u00bb1_3,2_3&Prime; _builder_version=\u00a0\u00bb4.16&Prime; global_colors_info=\u00a0\u00bb{}\u00a0\u00bb][et_pb_column type=\u00a0\u00bb1_3&Prime; _builder_version=\u00a0\u00bb4.16&Prime; custom_padding=\u00a0\u00bb|||\u00a0\u00bb global_colors_info=\u00a0\u00bb{}\u00a0\u00bb custom_padding__hover=\u00a0\u00bb|||\u00a0\u00bb][et_pb_image src=\u00a0\u00bbhttps:\/\/agendafamilial.ca\/wp-content\/uploads\/2019\/04\/Logo_Agenda_Familial_Agence_Marketing.png\u00a0\u00bb align=\u00a0\u00bbcenter\u00a0\u00bb align_tablet=\u00a0\u00bbcenter\u00a0\u00bb align_phone=\u00a0\u00bb\u00a0\u00bb align_last_edited=\u00a0\u00bbon|desktop\u00a0\u00bb _builder_version=\u00a0\u00bb4.16&Prime; global_colors_info=\u00a0\u00bb{}\u00a0\u00bb][\/et_pb_image][\/et_pb_column][et_pb_column type=\u00a0\u00bb2_3&Prime; _builder_version=\u00a0\u00bb4.16&Prime; custom_padding=\u00a0\u00bb|||\u00a0\u00bb global_colors_info=\u00a0\u00bb{}\u00a0\u00bb custom_padding__hover=\u00a0\u00bb|||\u00a0\u00bb][et_pb_text _builder_version=\u00a0\u00bb4.22.0&Prime; text_font=\u00a0\u00bb||||||||\u00a0\u00bb text_font_size=\u00a0\u00bb22px\u00a0\u00bb hover_enabled=\u00a0\u00bb0&Prime; global_colors_info=\u00a0\u00bb{}\u00a0\u00bb sticky_enabled=\u00a0\u00bb0&Prime;]<\/p>\n<h2><strong>Voici une liste des villes de la Rive-Sud de Montr\u00e9al<\/strong><\/h2>\n<ul>\n<li><span style=\"text-decoration: underline;\"><span style=\"color: #333333;\"><a href=\"https:\/\/agendafamilial.ca\/conception-de-site-web-beloeil\/\" style=\"color: #333333; text-decoration: underline;\">Bel\u0153il<\/a><\/span><\/span><\/li>\n<li><span style=\"text-decoration: underline; color: #333333;\"><a href=\"https:\/\/agendafamilial.ca\/conception-de-site-web-boucherville\/\" style=\"color: #333333; text-decoration: underline;\">Boucherville<\/a><\/span><\/li>\n<li><span style=\"text-decoration: underline; color: #333333;\"><a href=\"https:\/\/agendafamilial.ca\/conception-de-site-web-brossard\/\" style=\"color: #333333; text-decoration: underline;\">Brossard<\/a><\/span><\/li>\n<li><span style=\"text-decoration: underline; color: #333333;\"><a href=\"https:\/\/agendafamilial.ca\/conception-de-site-web-candiac\/\" style=\"color: #333333; text-decoration: underline;\">Candiac<\/a><\/span><\/li>\n<li><span style=\"text-decoration: underline; color: #333333;\"><a href=\"https:\/\/agendafamilial.ca\/conception-de-site-web-carignan\/\" style=\"color: #333333; text-decoration: underline;\">Carignan<\/a><\/span><\/li>\n<li><span style=\"text-decoration: underline; color: #333333;\"><a href=\"https:\/\/agendafamilial.ca\/conception-de-site-web-chambly\/\" style=\"color: #333333; text-decoration: underline;\">Chambly<\/a><\/span><\/li>\n<li><span style=\"text-decoration: underline; color: #333333;\"><a href=\"https:\/\/agendafamilial.ca\/conception-de-site-web-a-chateauguay\/\" style=\"color: #333333; text-decoration: underline;\">Ch\u00e2teauguay<\/a><\/span><\/li>\n<li><span style=\"text-decoration: underline; color: #333333;\"><a href=\"https:\/\/agendafamilial.ca\/conception-de-site-web-delson\/\" style=\"color: #333333; text-decoration: underline;\">Delson<\/a><\/span><\/li>\n<li><span style=\"text-decoration: underline;\"><span style=\"color: #000000;\"><a href=\"https:\/\/agendafamilial.ca\/conception-de-site-web-la-prairie\" style=\"color: #000000; text-decoration: underline;\">La Prairie<\/a><\/span><\/span><\/li>\n<li><span style=\"text-decoration: underline; color: #333333;\"><a href=\"https:\/\/agendafamilial.ca\/conception-de-site-web-longueuil\/\" style=\"color: #333333; text-decoration: underline;\">Longueuil<\/a><\/span> (3 arrondissements de <span style=\"text-decoration: underline; color: #333333;\"><a href=\"https:\/\/agendafamilial.ca\/conception-de-site-web-greenfield-park\/\" style=\"color: #333333; text-decoration: underline;\">Greenfield Park<\/a><\/span>, de <span style=\"text-decoration: underline; color: #333333;\"><a href=\"https:\/\/agendafamilial.ca\/conception-de-site-web-saint-hubert\/\" style=\"color: #333333; text-decoration: underline;\">Saint-Hubert<\/a><\/span> et du <span style=\"text-decoration: underline; color: #333333;\"><a href=\"https:\/\/agendafamilial.ca\/conception-de-site-web-vieux-longueuil\/\" style=\"color: #333333; text-decoration: underline;\">Vieux-Longueuil<\/a><\/span>)<\/li>\n<li><span style=\"text-decoration: underline;\"><span style=\"color: #333333;\"><a href=\"https:\/\/agendafamilial.ca\/conception-de-site-web-mcmasterville\/\" style=\"color: #333333; text-decoration: underline;\">McMasterville<\/a><\/span><\/span><\/li>\n<li><span style=\"text-decoration: underline; color: #333333;\"><a href=\"https:\/\/agendafamilial.ca\/conception-de-site-web-mont-saint-hilaire\/\" style=\"color: #333333; text-decoration: underline;\">Mont-Saint-Hilaire<\/a><\/span><\/li>\n<li><span style=\"text-decoration: underline; color: #333333;\"><a href=\"https:\/\/agendafamilial.ca\/conception-de-site-web-otterburn-park\/\" style=\"color: #333333; text-decoration: underline;\">Otterburn Park<\/a><\/span><\/li>\n<li><span style=\"text-decoration: underline; color: #333333;\"><a href=\"https:\/\/agendafamilial.ca\/conception-de-site-web-saint-basile-le-grand\/\" style=\"color: #333333; text-decoration: underline;\">Saint-Basile-le-Grand<\/a><\/span><\/li>\n<li><span style=\"text-decoration: underline; color: #333333;\"><a href=\"https:\/\/agendafamilial.ca\/conception-de-site-web-saint-bruno-de-montarville\/\" style=\"color: #333333; text-decoration: underline;\">Saint-Bruno-de-Montarville<\/a><\/span><\/li>\n<li><span style=\"text-decoration: underline; color: #333333;\"><a href=\"https:\/\/agendafamilial.ca\/conception-de-site-web-sainte-catherine\/\" style=\"color: #333333; text-decoration: underline;\">Sainte-Catherine<\/a><\/span><\/li>\n<li><span style=\"text-decoration: underline; color: #333333;\"><a href=\"https:\/\/agendafamilial.ca\/conception-de-site-web-saint-constant\/\" style=\"color: #333333; text-decoration: underline;\">Saint-Constant<\/a><\/span><\/li>\n<li><span style=\"text-decoration: underline; color: #333333;\"><a href=\"https:\/\/agendafamilial.ca\/conception-de-site-web-saint-isidore\/\" style=\"color: #333333; text-decoration: underline;\">Saint-Isidore<\/a><\/span><\/li>\n<li><span style=\"text-decoration: underline; color: #333333;\"><a href=\"https:\/\/agendafamilial.ca\/conception-de-site-web-sainte-julie\/\" style=\"color: #333333; text-decoration: underline;\">Sainte-Julie<\/a><\/span><\/li>\n<li><span style=\"text-decoration: underline; color: #333333;\"><a href=\"https:\/\/agendafamilial.ca\/conception-de-site-web-saint-lambert\/\" style=\"color: #333333; text-decoration: underline;\">Saint-Lambert<\/a><\/span><\/li>\n<li><span style=\"text-decoration: underline; color: #333333;\"><a href=\"https:\/\/agendafamilial.ca\/conception-de-site-web-saint-philippe\/\" style=\"color: #333333; text-decoration: underline;\">Saint-Philippe<\/a><\/span><\/li>\n<li><span style=\"text-decoration: underline; color: #333333;\"><a href=\"https:\/\/agendafamilial.ca\/conception-de-site-web-saint-jean-sur-richelieu\/\" style=\"text-decoration: underline; color: #333333;\">Saint-Jean-sur-Richelieu<\/a><\/span><\/li>\n<li><span style=\"text-decoration: underline;\"><span style=\"color: #333333;\"><a href=\"https:\/\/agendafamilial.ca\/conception-de-site-web-varennes\/\" style=\"color: #333333; text-decoration: underline;\">Varennes<\/a><\/span><\/span><\/li>\n<\/ul>\n<p>[\/et_pb_text][\/et_pb_column][\/et_pb_row][et_pb_row _builder_version=\u00a0\u00bb4.16&Prime; _module_preset=\u00a0\u00bbdefault\u00a0\u00bb global_colors_info=\u00a0\u00bb{}\u00a0\u00bb][et_pb_column type=\u00a0\u00bb4_4&Prime; _builder_version=\u00a0\u00bb4.16&Prime; _module_preset=\u00a0\u00bbdefault\u00a0\u00bb global_colors_info=\u00a0\u00bb{}\u00a0\u00bb][et_pb_code _builder_version=\u00a0\u00bb4.16&Prime; _module_preset=\u00a0\u00bbdefault\u00a0\u00bb global_colors_info=\u00a0\u00bb{}\u00a0\u00bb]<iframe loading=\"lazy\" src=\"https:\/\/www.google.com\/maps\/d\/u\/0\/embed?mid=1UVJiAbQNJpx4_oUeo7KBBX-wJL_VjaxN\" width=\"100%\" height=\"480\"><\/iframe>[\/et_pb_code][\/et_pb_column][\/et_pb_row][\/et_pb_section]<\/p>\n","protected":false},"excerpt":{"rendered":"<p>List of cities on the South Shore of MontrealHere is a list of cities on the South Shore of Montreal Bel\u0153il Boucherville Brossard Candiac Carignan Chambly Ch\u00e2teauguay Delson La Prairie Longueuil (3 boroughs of Greenfield Park, Saint-Hubert and Vieux-Longueuil) McMasterville Mont-Saint-Hilaire Otterburn Park Saint-Basile-le-Grand Saint-Bruno-de-Montarville Sainte-Catherine Saint-Constant Saint-Isidore Sainte-Julie Saint-Lambert Saint-Philippe Saint-Jean-sur-Richelieu Varennes<\/p>","protected":false},"author":94,"featured_media":0,"parent":0,"menu_order":0,"comment_status":"closed","ping_status":"closed","template":"","meta":{"_et_pb_use_builder":"on","_et_pb_old_content":"","_et_gb_content_width":"","content-type":"","footnotes":""},"class_list":["post-1871","page","type-page","status-publish","hentry"],"yoast_head":"<!-- This site is optimized with the Yoast SEO plugin v25.6 - https:\/\/yoast.com\/wordpress\/plugins\/seo\/ -->\n<title>Liste de villes de la Rive-Sud de Montr\u00e9al - Agenda Familial<\/title>\n<meta name=\"robots\" content=\"index, follow, max-snippet:-1, max-image-preview:large, max-video-preview:-1\" \/>\n<link rel=\"canonical\" href=\"https:\/\/agendafamilial.ca\/en\/list-of-cities-on-montreals-south-shore\/\" \/>\n<meta property=\"og:locale\" content=\"en_US\" \/>\n<meta property=\"og:type\" content=\"article\" \/>\n<meta property=\"og:title\" content=\"Liste de villes de la Rive-Sud de Montr\u00e9al - Agenda Familial\" \/>\n<meta property=\"og:description\" content=\"Liste des villes de la Rive-Sud de Montr\u00e9alVoici une liste des villes de la Rive-Sud de Montr\u00e9al Bel\u0153il Boucherville Brossard Candiac Carignan Chambly Ch\u00e2teauguay Delson La Prairie Longueuil (3 arrondissements de Greenfield Park, de Saint-Hubert et du Vieux-Longueuil) McMasterville Mont-Saint-Hilaire Otterburn Park Saint-Basile-le-Grand Saint-Bruno-de-Montarville Sainte-Catherine Saint-Constant Saint-Isidore Sainte-Julie Saint-Lambert Saint-Philippe Saint-Jean-sur-Richelieu Varennes\" \/>\n<meta property=\"og:url\" content=\"https:\/\/agendafamilial.ca\/en\/list-of-cities-on-montreals-south-shore\/\" \/>\n<meta property=\"og:site_name\" content=\"Agenda Familial\" \/>\n<meta property=\"article:publisher\" content=\"https:\/\/www.facebook.com\/AgendaFamilial\/\" \/>\n<meta property=\"article:modified_time\" content=\"2023-08-14T14:25:14+00:00\" \/>\n<meta name=\"twitter:card\" content=\"summary_large_image\" \/>\n<meta name=\"twitter:label1\" content=\"Est. reading time\" \/>\n\t<meta name=\"twitter:data1\" content=\"2 minutes\" \/>\n<script type=\"application\/ld+json\" class=\"yoast-schema-graph\">{\"@context\":\"https:\/\/schema.org\",\"@graph\":[{\"@type\":\"WebPage\",\"@id\":\"https:\/\/agendafamilial.ca\/liste-de-villes-de-la-rive-sud-de-montreal\/\",\"url\":\"https:\/\/agendafamilial.ca\/liste-de-villes-de-la-rive-sud-de-montreal\/\",\"name\":\"Liste de villes de la Rive-Sud de Montr\u00e9al - Agenda Familial\",\"isPartOf\":{\"@id\":\"https:\/\/agendafamilial.ca\/#website\"},\"datePublished\":\"2020-09-14T17:42:46+00:00\",\"dateModified\":\"2023-08-14T14:25:14+00:00\",\"breadcrumb\":{\"@id\":\"https:\/\/agendafamilial.ca\/liste-de-villes-de-la-rive-sud-de-montreal\/#breadcrumb\"},\"inLanguage\":\"en-CA\",\"potentialAction\":[{\"@type\":\"ReadAction\",\"target\":[\"https:\/\/agendafamilial.ca\/liste-de-villes-de-la-rive-sud-de-montreal\/\"]}]},{\"@type\":\"BreadcrumbList\",\"@id\":\"https:\/\/agendafamilial.ca\/liste-de-villes-de-la-rive-sud-de-montreal\/#breadcrumb\",\"itemListElement\":[{\"@type\":\"ListItem\",\"position\":1,\"name\":\"Acceuil\",\"item\":\"https:\/\/agendafamilial.ca\/\"},{\"@type\":\"ListItem\",\"position\":2,\"name\":\"Liste de villes de la Rive-Sud de Montr\u00e9al\"}]},{\"@type\":\"WebSite\",\"@id\":\"https:\/\/agendafamilial.ca\/#website\",\"url\":\"https:\/\/agendafamilial.ca\/\",\"name\":\"Agenda Familial\",\"description\":\"Nous sommes une agence web sur la Rive-Sud de Montr\u00e9al. Notre mission, aider les petites et moyennes entreprises \u00e0 am\u00e9liorer leur visibilit\u00e9 locale depuis 1992\",\"publisher\":{\"@id\":\"https:\/\/agendafamilial.ca\/#organization\"},\"potentialAction\":[{\"@type\":\"SearchAction\",\"target\":{\"@type\":\"EntryPoint\",\"urlTemplate\":\"https:\/\/agendafamilial.ca\/?s={search_term_string}\"},\"query-input\":{\"@type\":\"PropertyValueSpecification\",\"valueRequired\":true,\"valueName\":\"search_term_string\"}}],\"inLanguage\":\"en-CA\"},{\"@type\":\"Organization\",\"@id\":\"https:\/\/agendafamilial.ca\/#organization\",\"name\":\"Agenda Familial\",\"url\":\"https:\/\/agendafamilial.ca\/\",\"logo\":{\"@type\":\"ImageObject\",\"inLanguage\":\"en-CA\",\"@id\":\"https:\/\/agendafamilial.ca\/#\/schema\/logo\/image\/\",\"url\":\"https:\/\/agendafamilial.ca\/wp-content\/uploads\/2019\/04\/Logo_Agenda_Familial_Agence_Marketing.png\",\"contentUrl\":\"https:\/\/agendafamilial.ca\/wp-content\/uploads\/2019\/04\/Logo_Agenda_Familial_Agence_Marketing.png\",\"width\":150,\"height\":150,\"caption\":\"Agenda Familial\"},\"image\":{\"@id\":\"https:\/\/agendafamilial.ca\/#\/schema\/logo\/image\/\"},\"sameAs\":[\"https:\/\/www.facebook.com\/AgendaFamilial\/\"]}]}<\/script>\n<!-- \/ Yoast SEO plugin. -->","yoast_head_json":{"title":"List of South Shore cities - Agenda Familial","robots":{"index":"index","follow":"follow","max-snippet":"max-snippet:-1","max-image-preview":"max-image-preview:large","max-video-preview":"max-video-preview:-1"},"canonical":"https:\/\/agendafamilial.ca\/en\/list-of-cities-on-montreals-south-shore\/","og_locale":"en_US","og_type":"article","og_title":"Liste de villes de la Rive-Sud de Montr\u00e9al - Agenda Familial","og_description":"Liste des villes de la Rive-Sud de Montr\u00e9alVoici une liste des villes de la Rive-Sud de Montr\u00e9al Bel\u0153il Boucherville Brossard Candiac Carignan Chambly Ch\u00e2teauguay Delson La Prairie Longueuil (3 arrondissements de Greenfield Park, de Saint-Hubert et du Vieux-Longueuil) McMasterville Mont-Saint-Hilaire Otterburn Park Saint-Basile-le-Grand Saint-Bruno-de-Montarville Sainte-Catherine Saint-Constant Saint-Isidore Sainte-Julie Saint-Lambert Saint-Philippe Saint-Jean-sur-Richelieu Varennes","og_url":"https:\/\/agendafamilial.ca\/en\/list-of-cities-on-montreals-south-shore\/","og_site_name":"Agenda Familial","article_publisher":"https:\/\/www.facebook.com\/AgendaFamilial\/","article_modified_time":"2023-08-14T14:25:14+00:00","twitter_card":"summary_large_image","twitter_misc":{"Est. reading time":"2 minutes"},"schema":{"@context":"https:\/\/schema.org","@graph":[{"@type":"WebPage","@id":"https:\/\/agendafamilial.ca\/liste-de-villes-de-la-rive-sud-de-montreal\/","url":"https:\/\/agendafamilial.ca\/liste-de-villes-de-la-rive-sud-de-montreal\/","name":"List of South Shore cities - Agenda Familial","isPartOf":{"@id":"https:\/\/agendafamilial.ca\/#website"},"datePublished":"2020-09-14T17:42:46+00:00","dateModified":"2023-08-14T14:25:14+00:00","breadcrumb":{"@id":"https:\/\/agendafamilial.ca\/liste-de-villes-de-la-rive-sud-de-montreal\/#breadcrumb"},"inLanguage":"en-CA","potentialAction":[{"@type":"ReadAction","target":["https:\/\/agendafamilial.ca\/liste-de-villes-de-la-rive-sud-de-montreal\/"]}]},{"@type":"BreadcrumbList","@id":"https:\/\/agendafamilial.ca\/liste-de-villes-de-la-rive-sud-de-montreal\/#breadcrumb","itemListElement":[{"@type":"ListItem","position":1,"name":"Acceuil","item":"https:\/\/agendafamilial.ca\/"},{"@type":"ListItem","position":2,"name":"Liste de villes de la Rive-Sud de Montr\u00e9al"}]},{"@type":"WebSite","@id":"https:\/\/agendafamilial.ca\/#website","url":"https:\/\/agendafamilial.ca\/","name":"Family Agenda","description":"We're a web agency on Montreal's South Shore. Our mission, since 1992, has been to help small and medium-sized businesses improve their local visibility.","publisher":{"@id":"https:\/\/agendafamilial.ca\/#organization"},"potentialAction":[{"@type":"SearchAction","target":{"@type":"EntryPoint","urlTemplate":"https:\/\/agendafamilial.ca\/?s={search_term_string}"},"query-input":{"@type":"PropertyValueSpecification","valueRequired":true,"valueName":"search_term_string"}}],"inLanguage":"en-CA"},{"@type":"Organization","@id":"https:\/\/agendafamilial.ca\/#organization","name":"Family Agenda","url":"https:\/\/agendafamilial.ca\/","logo":{"@type":"ImageObject","inLanguage":"en-CA","@id":"https:\/\/agendafamilial.ca\/#\/schema\/logo\/image\/","url":"https:\/\/agendafamilial.ca\/wp-content\/uploads\/2019\/04\/Logo_Agenda_Familial_Agence_Marketing.png","contentUrl":"https:\/\/agendafamilial.ca\/wp-content\/uploads\/2019\/04\/Logo_Agenda_Familial_Agence_Marketing.png","width":150,"height":150,"caption":"Agenda Familial"},"image":{"@id":"https:\/\/agendafamilial.ca\/#\/schema\/logo\/image\/"},"sameAs":["https:\/\/www.facebook.com\/AgendaFamilial\/"]}]}},"_links":{"self":[{"href":"https:\/\/agendafamilial.ca\/en\/wp-json\/wp\/v2\/pages\/1871"}],"collection":[{"href":"https:\/\/agendafamilial.ca\/en\/wp-json\/wp\/v2\/pages"}],"about":[{"href":"https:\/\/agendafamilial.ca\/en\/wp-json\/wp\/v2\/types\/page"}],"author":[{"embeddable":true,"href":"https:\/\/agendafamilial.ca\/en\/wp-json\/wp\/v2\/users\/94"}],"replies":[{"embeddable":true,"href":"https:\/\/agendafamilial.ca\/en\/wp-json\/wp\/v2\/comments?post=1871"}],"version-history":[{"count":5,"href":"https:\/\/agendafamilial.ca\/en\/wp-json\/wp\/v2\/pages\/1871\/revisions"}],"predecessor-version":[{"id":4396,"href":"https:\/\/agendafamilial.ca\/en\/wp-json\/wp\/v2\/pages\/1871\/revisions\/4396"}],"wp:attachment":[{"href":"https:\/\/agendafamilial.ca\/en\/wp-json\/wp\/v2\/media?parent=1871"}],"curies":[{"name":"wp","href":"https:\/\/api.w.org\/{rel}","templated":true}]}}