{"id":469,"date":"2019-06-25T18:27:27","date_gmt":"2019-06-25T18:27:27","guid":{"rendered":"https:\/\/agendafamilial.ca\/?page_id=469"},"modified":"2020-12-14T16:31:09","modified_gmt":"2020-12-14T21:31:09","slug":"facebook-social-media-management","status":"publish","type":"page","link":"https:\/\/agendafamilial.ca\/en\/gestion-medias-sociaux-facebook\/","title":{"rendered":"Social media management"},"content":{"rendered":"<p>[et_pb_section fb_built=\u00a0\u00bb1&Prime; admin_label=\u00a0\u00bbHero\u00a0\u00bb _builder_version=\u00a0\u00bb3.27.3&Prime; background_color=\u00a0\u00bb#fcd21d\u00a0\u00bb background_image=\u00a0\u00bbhttps:\/\/agendafamilial.ca\/wp-content\/uploads\/2019\/04\/circle-background-pattern.png\u00a0\u00bb custom_padding=\u00a0\u00bb|||\u00a0\u00bb animation_style=\u00a0\u00bbzoom\u00a0\u00bb animation_intensity_zoom=\u00a0\u00bb4%\u00a0\u00bb][et_pb_row _builder_version=\u00a0\u00bb3.25&Prime; background_size=\u00a0\u00bbinitial\u00a0\u00bb background_position=\u00a0\u00bbtop_left\u00a0\u00bb background_repeat=\u00a0\u00bbrepeat\u00a0\u00bb custom_padding=\u00a0\u00bb|||\u00a0\u00bb animation_style=\u00a0\u00bbslide\u00a0\u00bb animation_direction=\u00a0\u00bbtop\u00a0\u00bb animation_intensity_slide=\u00a0\u00bb3%\u00a0\u00bb][et_pb_column type=\u00a0\u00bb4_4&Prime; _builder_version=\u00a0\u00bb3.25&Prime; custom_padding=\u00a0\u00bb|||\u00a0\u00bb custom_padding__hover=\u00a0\u00bb|||\u00a0\u00bb][et_pb_text _builder_version=\u00a0\u00bb4.7.6&Prime; text_font=\u00a0\u00bbMontserrat|500||on|||||\u00a0\u00bb text_text_color=\u00a0\u00bb#353740&Prime; text_font_size=\u00a0\u00bb16px\u00a0\u00bb text_letter_spacing=\u00a0\u00bb3px\u00a0\u00bb background_size=\u00a0\u00bbinitial\u00a0\u00bb background_position=\u00a0\u00bbtop_left\u00a0\u00bb background_repeat=\u00a0\u00bbrepeat\u00a0\u00bb custom_margin=\u00a0\u00bb||45px|\u00a0\u00bb animation_style=\u00a0\u00bbslide\u00a0\u00bb animation_direction=\u00a0\u00bbbottom\u00a0\u00bb hover_enabled=\u00a0\u00bb0&Prime; locked=\u00a0\u00bboff\u00a0\u00bb sticky_enabled=\u00a0\u00bb0&Prime;]<\/p>\n<p>Gestion des m\u00e9dias sociaux<\/p>\n<p>[\/et_pb_text][et_pb_text _builder_version=\u00a0\u00bb3.27.4&Prime; text_font=\u00a0\u00bb||||||||\u00a0\u00bb header_font=\u00a0\u00bbMontserrat|700||on|||||\u00a0\u00bb header_text_color=\u00a0\u00bb#353740&Prime; header_font_size=\u00a0\u00bb60px\u00a0\u00bb header_line_height=\u00a0\u00bb1.3em\u00a0\u00bb background_size=\u00a0\u00bbinitial\u00a0\u00bb background_position=\u00a0\u00bbtop_left\u00a0\u00bb background_repeat=\u00a0\u00bbrepeat\u00a0\u00bb custom_margin=\u00a0\u00bb|||\u00a0\u00bb animation_style=\u00a0\u00bbfade\u00a0\u00bb header_font_size_tablet=\u00a0\u00bb\u00a0\u00bb header_font_size_phone=\u00a0\u00bb44px\u00a0\u00bb header_font_size_last_edited=\u00a0\u00bbon|phone\u00a0\u00bb locked=\u00a0\u00bboff\u00a0\u00bb]<\/p>\n<h1>Marketing <span style=\"color: #3c5a99;\">Facebook<\/span><\/h1>\n<p>[\/et_pb_text][\/et_pb_column][\/et_pb_row][\/et_pb_section][et_pb_section fb_built=\u00a0\u00bb1&Prime; admin_label=\u00a0\u00bbCase Study Text\u00a0\u00bb _builder_version=\u00a0\u00bb3.22.3&Prime; custom_margin=\u00a0\u00bb|||\u00a0\u00bb custom_padding=\u00a0\u00bb110px||29px|||\u00a0\u00bb][et_pb_row _builder_version=\u00a0\u00bb3.25&Prime; background_size=\u00a0\u00bbinitial\u00a0\u00bb background_position=\u00a0\u00bbtop_left\u00a0\u00bb background_repeat=\u00a0\u00bbrepeat\u00a0\u00bb animation_style=\u00a0\u00bbfade\u00a0\u00bb][et_pb_column type=\u00a0\u00bb4_4&Prime; _builder_version=\u00a0\u00bb3.25&Prime; custom_padding=\u00a0\u00bb|||\u00a0\u00bb custom_padding__hover=\u00a0\u00bb|||\u00a0\u00bb][et_pb_text _builder_version=\u00a0\u00bb4.7.6&Prime; text_font=\u00a0\u00bbMontserrat||||\u00a0\u00bb text_text_color=\u00a0\u00bb#353740&Prime; text_font_size=\u00a0\u00bb22px\u00a0\u00bb text_line_height=\u00a0\u00bb1.8em\u00a0\u00bb background_size=\u00a0\u00bbinitial\u00a0\u00bb background_position=\u00a0\u00bbtop_left\u00a0\u00bb background_repeat=\u00a0\u00bbrepeat\u00a0\u00bb animation_style=\u00a0\u00bbflip\u00a0\u00bb animation_intensity_flip=\u00a0\u00bb20%\u00a0\u00bb hover_enabled=\u00a0\u00bb0&Prime; sticky_enabled=\u00a0\u00bb0&Prime;]<\/p>\n<p class=\"p1\"><span class=\"s1\"><b>Comment s\u2019y prendre avec sa page Facebook d\u2019entreprise\u00a0?<\/b><\/span><\/p>\n<p class=\"p2\"><span class=\"s1\">Vous \u00eates propri\u00e9taire d\u2019entreprise mais vous n\u2019avez pas de page <a href=\"https:\/\/www.facebook.com\/\">Facebook<\/a>\u2026 Soyez assur\u00e9 que vous perdez des points par rapport \u00e0 vos concurrents, qui eux en ont une\u00a0! <\/span><\/p>\n<p class=\"p2\"><span class=\"s1\">Toutefois, cr\u00e9er une page Facebook ne se limite pas uniquement \u00e0 la cr\u00e9ation de celle-ci. La difficult\u00e9 de la chose r\u00e9side surtout dans la gestion de votre communaut\u00e9 mais surtout dans une bonne cr\u00e9ation de contenu qui vous aidera \u00e0 propulser et \u00e0 bien administrer votre page Facebook.<\/span><\/p>\n<p>[\/et_pb_text][\/et_pb_column][\/et_pb_row][\/et_pb_section][et_pb_section fb_built=\u00a0\u00bb1&Prime; make_equal=\u00a0\u00bbon\u00a0\u00bb use_custom_gutter=\u00a0\u00bbon\u00a0\u00bb gutter_width=\u00a0\u00bb1&Prime; specialty=\u00a0\u00bbon\u00a0\u00bb padding_top_1=\u00a0\u00bb0px\u00a0\u00bb admin_label=\u00a0\u00bbWork Section\u00a0\u00bb _builder_version=\u00a0\u00bb3.22.3&Prime; custom_padding=\u00a0\u00bb60px||110px|\u00a0\u00bb locked=\u00a0\u00bboff\u00a0\u00bb][et_pb_column type=\u00a0\u00bb1_2&Prime; _builder_version=\u00a0\u00bb3.25&Prime; custom_padding=\u00a0\u00bb|||\u00a0\u00bb padding_top__hover=\u00a0\u00bb0px\u00a0\u00bb parallax__hover=\u00a0\u00bboff\u00a0\u00bb parallax_method__hover=\u00a0\u00bbon\u00a0\u00bb custom_padding__hover=\u00a0\u00bb|||\u00a0\u00bb][et_pb_image src=\u00a0\u00bbhttps:\/\/agendafamilial.ca\/wp-content\/uploads\/2019\/08\/gestion_de_page_facebook_pour_entreprise-3.jpg\u00a0\u00bb show_in_lightbox=\u00a0\u00bbon\u00a0\u00bb force_fullwidth=\u00a0\u00bbon\u00a0\u00bb align_tablet=\u00a0\u00bbcenter\u00a0\u00bb align_phone=\u00a0\u00bb\u00a0\u00bb align_last_edited=\u00a0\u00bbon|desktop\u00a0\u00bb _builder_version=\u00a0\u00bb3.23&Prime; animation_style=\u00a0\u00bbflip\u00a0\u00bb box_shadow_style=\u00a0\u00bbpreset7&Prime; box_shadow_horizontal=\u00a0\u00bb0px\u00a0\u00bb box_shadow_vertical=\u00a0\u00bb0px\u00a0\u00bb box_shadow_spread=\u00a0\u00bb10px\u00a0\u00bb box_shadow_color=\u00a0\u00bb#ffffff\u00a0\u00bb][\/et_pb_image][\/et_pb_column][et_pb_column type=\u00a0\u00bb1_2&Prime; specialty_columns=\u00a0\u00bb2&Prime; _builder_version=\u00a0\u00bb3.25&Prime; custom_padding=\u00a0\u00bb|||\u00a0\u00bb parallax__hover=\u00a0\u00bboff\u00a0\u00bb parallax_method__hover=\u00a0\u00bbon\u00a0\u00bb custom_padding__hover=\u00a0\u00bb|||\u00a0\u00bb][et_pb_row_inner _builder_version=\u00a0\u00bb3.25&Prime; custom_padding=\u00a0\u00bb0px||0px|\u00a0\u00bb][et_pb_column_inner saved_specialty_column_type=\u00a0\u00bb1_2&Prime; _builder_version=\u00a0\u00bb3.25&Prime; custom_padding=\u00a0\u00bb|||\u00a0\u00bb parallax__hover=\u00a0\u00bboff\u00a0\u00bb parallax_method__hover=\u00a0\u00bbon\u00a0\u00bb custom_padding__hover=\u00a0\u00bb|||\u00a0\u00bb][et_pb_image src=\u00a0\u00bbhttps:\/\/agendafamilial.ca\/wp-content\/uploads\/2019\/08\/Assistant_Facebook-1.jpg\u00a0\u00bb show_in_lightbox=\u00a0\u00bbon\u00a0\u00bb force_fullwidth=\u00a0\u00bbon\u00a0\u00bb align_tablet=\u00a0\u00bbcenter\u00a0\u00bb align_phone=\u00a0\u00bb\u00a0\u00bb align_last_edited=\u00a0\u00bbon|desktop\u00a0\u00bb _builder_version=\u00a0\u00bb3.23&Prime; animation_style=\u00a0\u00bbflip\u00a0\u00bb animation_direction=\u00a0\u00bbright\u00a0\u00bb box_shadow_style=\u00a0\u00bbpreset7&Prime; box_shadow_horizontal=\u00a0\u00bb0px\u00a0\u00bb box_shadow_vertical=\u00a0\u00bb0px\u00a0\u00bb box_shadow_spread=\u00a0\u00bb10px\u00a0\u00bb box_shadow_color=\u00a0\u00bb#ffffff\u00a0\u00bb][\/et_pb_image][\/et_pb_column_inner][\/et_pb_row_inner][et_pb_row_inner column_structure=\u00a0\u00bb1_2,1_2&Prime; _builder_version=\u00a0\u00bb3.25&Prime; custom_padding=\u00a0\u00bb0px||0px|\u00a0\u00bb][et_pb_column_inner type=\u00a0\u00bb1_2&Prime; saved_specialty_column_type=\u00a0\u00bb1_2&Prime; _builder_version=\u00a0\u00bb3.25&Prime; custom_padding=\u00a0\u00bb|||\u00a0\u00bb parallax__hover=\u00a0\u00bboff\u00a0\u00bb parallax_method__hover=\u00a0\u00bbon\u00a0\u00bb custom_padding__hover=\u00a0\u00bb|||\u00a0\u00bb][et_pb_image src=\u00a0\u00bbhttps:\/\/agendafamilial.ca\/wp-content\/uploads\/2019\/08\/Agence_marketing_facebook.jpg\u00a0\u00bb show_in_lightbox=\u00a0\u00bbon\u00a0\u00bb align_tablet=\u00a0\u00bbcenter\u00a0\u00bb align_phone=\u00a0\u00bb\u00a0\u00bb align_last_edited=\u00a0\u00bbon|desktop\u00a0\u00bb _builder_version=\u00a0\u00bb3.23&Prime; animation_style=\u00a0\u00bbflip\u00a0\u00bb animation_direction=\u00a0\u00bbright\u00a0\u00bb box_shadow_style=\u00a0\u00bbpreset7&Prime; box_shadow_horizontal=\u00a0\u00bb0px\u00a0\u00bb box_shadow_vertical=\u00a0\u00bb0px\u00a0\u00bb box_shadow_spread=\u00a0\u00bb10px\u00a0\u00bb box_shadow_color=\u00a0\u00bb#ffffff\u00a0\u00bb][\/et_pb_image][\/et_pb_column_inner][et_pb_column_inner type=\u00a0\u00bb1_2&Prime; saved_specialty_column_type=\u00a0\u00bb1_2&Prime; _builder_version=\u00a0\u00bb3.25&Prime; custom_padding=\u00a0\u00bb|||\u00a0\u00bb parallax__hover=\u00a0\u00bboff\u00a0\u00bb parallax_method__hover=\u00a0\u00bbon\u00a0\u00bb custom_padding__hover=\u00a0\u00bb|||\u00a0\u00bb][et_pb_image src=\u00a0\u00bbhttps:\/\/agendafamilial.ca\/wp-content\/uploads\/2019\/08\/Logo_facebook_agenda_familial.jpg\u00a0\u00bb show_in_lightbox=\u00a0\u00bbon\u00a0\u00bb align_tablet=\u00a0\u00bbcenter\u00a0\u00bb align_phone=\u00a0\u00bb\u00a0\u00bb align_last_edited=\u00a0\u00bbon|desktop\u00a0\u00bb _builder_version=\u00a0\u00bb3.23&Prime; animation_style=\u00a0\u00bbflip\u00a0\u00bb animation_direction=\u00a0\u00bbright\u00a0\u00bb box_shadow_style=\u00a0\u00bbpreset7&Prime; box_shadow_horizontal=\u00a0\u00bb0px\u00a0\u00bb box_shadow_vertical=\u00a0\u00bb0px\u00a0\u00bb box_shadow_spread=\u00a0\u00bb10px\u00a0\u00bb box_shadow_color=\u00a0\u00bb#ffffff\u00a0\u00bb][\/et_pb_image][\/et_pb_column_inner][\/et_pb_row_inner][\/et_pb_column][\/et_pb_section][et_pb_section fb_built=\u00a0\u00bb1&Prime; _builder_version=\u00a0\u00bb3.22.3&Prime; background_color=\u00a0\u00bb#fcd21d\u00a0\u00bb custom_padding=\u00a0\u00bb110px|0px|110px|0px\u00a0\u00bb][et_pb_row _builder_version=\u00a0\u00bb3.25&Prime; hover_enabled=\u00a0\u00bb0&Prime; sticky_enabled=\u00a0\u00bb0&Prime;][et_pb_column type=\u00a0\u00bb4_4&Prime; _builder_version=\u00a0\u00bb3.25&Prime; custom_padding=\u00a0\u00bb|||\u00a0\u00bb custom_padding__hover=\u00a0\u00bb|||\u00a0\u00bb][et_pb_text _builder_version=\u00a0\u00bb4.7.6&Prime; text_font=\u00a0\u00bb||||||||\u00a0\u00bb text_text_color=\u00a0\u00bb#000000&Prime; text_font_size=\u00a0\u00bb18px\u00a0\u00bb hover_enabled=\u00a0\u00bb0&Prime; sticky_enabled=\u00a0\u00bb0&Prime;]<\/p>\n<h2 class=\"p1\"><span class=\"s1\"><b>G\u00e9rer une communaut\u00e9 Facebook, \u00e7a ne vous dit rien\u00a0?<\/b><\/span><\/h2>\n<p>&nbsp;<\/p>\n<p class=\"p2\"><span class=\"s1\">Cr\u00e9er une relation forte avec ses clients, c\u2019est le but ultime de chaque entreprise. En effet, \u00e0 travers sa propre page Facebook, une entreprise arrive facilement \u00e0 rendre cette connexion encore plus active. Sauf que pour se faire, une condition s\u2019impose\u00a0: il faut absolument assurer une bonne <strong>gestion de cette communaut\u00e9<\/strong>.<\/span><\/p>\n<p class=\"p2\"><span class=\"s1\">Cette condition vous para\u00eet peut-\u00eatre facile, mais en r\u00e9alit\u00e9 elle demande beaucoup plus d\u2019efforts que vous n\u2019imaginez. C\u2019est-\u00e0-dire que si vous d\u00e9cidez de recruter un <strong>gestionnaire de communaut\u00e9 Facebook<\/strong> pour votre entreprise, il faut que sa pr\u00e9sence soit perspicace et permanente\u00a0: Il doit donc \u00eatre apte \u00e0 bien planifier ou plut\u00f4t \u00e0 bien mettre en place la <strong>strat\u00e9gie efficace<\/strong> pour une bonne cr\u00e9ation de contenu.<\/span><\/p>\n<p class=\"p2\"><span class=\"s1\">Et pour \u00eatre franc, trouver une seule personne qui poss\u00e8de toutes ces capacit\u00e9s n\u2019est pas aussi facile que \u00e7a. C\u2019est la raison pour laquelle nous vous recommandons vivement les services de notre <strong>agence de communication\u00a0<\/strong><\/span><span class=\"s1\"><strong>marketing<\/strong>, qui sera toujours pr\u00eate \u00e0 \u00eatre le <strong>Community Manager<\/strong> de votre page Facebook.<\/span><\/p>\n<p>[\/et_pb_text][\/et_pb_column][\/et_pb_row][et_pb_row _builder_version=\u00a0\u00bb3.25&Prime; background_size=\u00a0\u00bbinitial\u00a0\u00bb background_position=\u00a0\u00bbtop_left\u00a0\u00bb background_repeat=\u00a0\u00bbrepeat\u00a0\u00bb][et_pb_column type=\u00a0\u00bb4_4&Prime; _builder_version=\u00a0\u00bb3.25&Prime; custom_padding=\u00a0\u00bb|||\u00a0\u00bb custom_padding__hover=\u00a0\u00bb|||\u00a0\u00bb][et_pb_image src=\u00a0\u00bbhttps:\/\/agendafamilial.ca\/wp-content\/uploads\/2019\/08\/Agence_Facebook_Marketing.png\u00a0\u00bb show_in_lightbox=\u00a0\u00bbon\u00a0\u00bb align_tablet=\u00a0\u00bbcenter\u00a0\u00bb align_phone=\u00a0\u00bb\u00a0\u00bb align_last_edited=\u00a0\u00bbon|desktop\u00a0\u00bb _builder_version=\u00a0\u00bb3.23&Prime; animation_style=\u00a0\u00bbslide\u00a0\u00bb animation_direction=\u00a0\u00bbleft\u00a0\u00bb animation_duration=\u00a0\u00bb500ms\u00a0\u00bb animation_intensity_slide=\u00a0\u00bb10%\u00a0\u00bb animation_starting_opacity=\u00a0\u00bb100%\u00a0\u00bb][\/et_pb_image][et_pb_text _builder_version=\u00a0\u00bb4.7.6&Prime; text_font=\u00a0\u00bb||||||||\u00a0\u00bb text_text_color=\u00a0\u00bb#000000&Prime; text_font_size=\u00a0\u00bb18px\u00a0\u00bb custom_padding=\u00a0\u00bb||2px|||\u00a0\u00bb link_option_url=\u00a0\u00bbhttps:\/\/www.facebook.com\/business\/ads\u00a0\u00bb link_option_url_new_window=\u00a0\u00bbon\u00a0\u00bb hover_enabled=\u00a0\u00bb0&Prime; sticky_enabled=\u00a0\u00bb0&Prime;]<\/p>\n<h2 class=\"p1\"><span class=\"s1\"><b>Publicit\u00e9 Facebook&#8230; Pourquoi faire de la publicit\u00e9 avec Facebook Ads?<\/b><\/span><\/h2>\n<p class=\"p2\"><span class=\"s1\">Une fois le plan strat\u00e9gique mis en place et que le lien que vous avez cr\u00e9\u00e9 avec votre communaut\u00e9 est solide, il faudra penser \u00e0 la promotion de votre page via Facebook Ads. Ceci compte pour beaucoup dans le monde de <strong>gestion de r\u00e9seaux sociaux<\/strong>\u00a0!<\/span><\/p>\n<p class=\"p2\"><span class=\"s1\">En effet, le domaine du community management, vous donne la possibilit\u00e9 d\u2019\u00eatre plus libre. C\u2019est-\u00e0-dire que vous pouvez montrer ce que vaut votre entreprise de mani\u00e8re beaucoup plus innovante et attirante \u00e0 travers le contenu ou les publicit\u00e9s que vous postez sur votre page Facebook, que si vous optez uniquement pour les moyens de communication traditionnels.<\/span><\/p>\n<p class=\"p2\"><span class=\"s1\">Sauf que pour bien mettre en \u0153uvre ce que vous souhaitez pr\u00e9senter comme service \u00e0 votre communaut\u00e9, ou tout simplement ce qui va les pousser \u00e0 vous choisir vous (et non pas vos concurrents), les publicit\u00e9s que vous faites doivent \u00eatre bien cibl\u00e9es\u2026<\/span><\/p>\n<h2 class=\"p2\"><strong><span class=\"s1\">Pourquoi est-il important de bien cibler vos publicit\u00e9s Facebook?<\/span><\/strong><\/h2>\n<p class=\"p2\"><span class=\"s1\">Sur Facebook, la gestion de la communication a \u00e9volu\u00e9e grandement et demande beaucoup plus de pr\u00e9cision pour atteindre, agrandir et viser une client\u00e8le beaucoup plus large. Il est important qu&rsquo;un post publicitaire soit bien configur\u00e9 pour s&rsquo;assurer de tirer le maximum de visibilit\u00e9 pour chaque dollar investi. <\/span><\/p>\n<p class=\"p2\"><span class=\"s1\">Une campagne Facebook mal faite vous fera d\u00e9penser plus en vous donnant un retour sur investissement plus faible. En gros, nos sp\u00e9cialistes prennent en charge votre publicit\u00e9 Facebook de la cr\u00e9ation du contenu jusqu&rsquo;\u00e0 l&rsquo;optimisation de votre campagne <a href=\"https:\/\/www.facebook.com\/business\/ads\" target=\"_blank\" rel=\"noopener noreferrer\" title=\"Publicit\u00e9 Facebook\">Facebook Ads<\/a>!\u00a0<\/span><\/p>\n<p>[\/et_pb_text][\/et_pb_column][\/et_pb_row][et_pb_row _builder_version=\u00a0\u00bb3.25&Prime;][et_pb_column type=\u00a0\u00bb4_4&Prime; _builder_version=\u00a0\u00bb3.25&Prime; custom_padding=\u00a0\u00bb|||\u00a0\u00bb custom_padding__hover=\u00a0\u00bb|||\u00a0\u00bb][et_pb_image src=\u00a0\u00bbhttps:\/\/agendafamilial.ca\/wp-content\/uploads\/2019\/08\/Facebook_like.png\u00a0\u00bb align=\u00a0\u00bbcenter\u00a0\u00bb align_tablet=\u00a0\u00bbcenter\u00a0\u00bb align_phone=\u00a0\u00bb\u00a0\u00bb align_last_edited=\u00a0\u00bbon|desktop\u00a0\u00bb _builder_version=\u00a0\u00bb3.23&Prime;][\/et_pb_image][\/et_pb_column][\/et_pb_row][\/et_pb_section]<\/p>\n","protected":false},"excerpt":{"rendered":"<p>Gestion des m\u00e9dias sociaux Marketing Facebook Comment s\u2019y prendre avec sa page Facebook d\u2019entreprise\u00a0? Vous \u00eates propri\u00e9taire d\u2019entreprise mais vous n\u2019avez pas de page Facebook\u2026 Soyez assur\u00e9 que vous perdez des points par rapport \u00e0 vos concurrents, qui eux en ont une\u00a0! Toutefois, cr\u00e9er une page Facebook ne se limite pas uniquement \u00e0 la cr\u00e9ation [&hellip;]<\/p>\n","protected":false},"author":2,"featured_media":0,"parent":0,"menu_order":0,"comment_status":"closed","ping_status":"closed","template":"","meta":{"_et_pb_use_builder":"on","_et_pb_old_content":"","_et_gb_content_width":"","content-type":"","footnotes":""},"class_list":["post-469","page","type-page","status-publish","hentry"],"yoast_head":"<!-- This site is optimized with the Yoast SEO plugin v27.6 - https:\/\/yoast.com\/product\/yoast-seo-wordpress\/ -->\n<title>Gestion m\u00e9dias sociaux - Agenda Familial | Agence Marketing Facebook<\/title>\n<meta name=\"description\" content=\"Nous recommandons vivement les services de notre agence de communication marketing, qui sera toujours pr\u00eate \u00e0 \u00eatre le Community Manager de votre page Facebook.\" \/>\n<meta name=\"robots\" content=\"index, follow, max-snippet:-1, max-image-preview:large, max-video-preview:-1\" \/>\n<link rel=\"canonical\" href=\"https:\/\/agendafamilial.ca\/en\/facebook-social-media-management\/\" \/>\n<meta property=\"og:locale\" content=\"en_US\" \/>\n<meta property=\"og:type\" content=\"article\" \/>\n<meta property=\"og:title\" content=\"Gestion m\u00e9dias sociaux - Agenda Familial | Agence Marketing Facebook\" \/>\n<meta property=\"og:description\" content=\"Nous recommandons vivement les services de notre agence de communication marketing, qui sera toujours pr\u00eate \u00e0 \u00eatre le Community Manager de votre page Facebook.\" \/>\n<meta property=\"og:url\" content=\"https:\/\/agendafamilial.ca\/en\/facebook-social-media-management\/\" \/>\n<meta property=\"og:site_name\" content=\"Agenda Familial\" \/>\n<meta property=\"article:publisher\" content=\"https:\/\/www.facebook.com\/AgendaFamilial\/\" \/>\n<meta property=\"article:modified_time\" content=\"2020-12-14T21:31:09+00:00\" \/>\n<meta name=\"twitter:card\" content=\"summary_large_image\" \/>\n<meta name=\"twitter:label1\" content=\"Est. reading time\" \/>\n\t<meta name=\"twitter:data1\" content=\"7 minutes\" \/>\n<script type=\"application\/ld+json\" class=\"yoast-schema-graph\">{\"@context\":\"https:\\\/\\\/schema.org\",\"@graph\":[{\"@type\":\"WebPage\",\"@id\":\"https:\\\/\\\/agendafamilial.ca\\\/gestion-medias-sociaux-facebook\\\/\",\"url\":\"https:\\\/\\\/agendafamilial.ca\\\/gestion-medias-sociaux-facebook\\\/\",\"name\":\"Gestion m\u00e9dias sociaux - Agenda Familial | Agence Marketing Facebook\",\"isPartOf\":{\"@id\":\"https:\\\/\\\/agendafamilial.ca\\\/#website\"},\"datePublished\":\"2019-06-25T18:27:27+00:00\",\"dateModified\":\"2020-12-14T21:31:09+00:00\",\"description\":\"Nous recommandons vivement les services de notre agence de communication marketing, qui sera toujours pr\u00eate \u00e0 \u00eatre le Community Manager de votre page Facebook.\",\"breadcrumb\":{\"@id\":\"https:\\\/\\\/agendafamilial.ca\\\/gestion-medias-sociaux-facebook\\\/#breadcrumb\"},\"inLanguage\":\"en-CA\",\"potentialAction\":[{\"@type\":\"ReadAction\",\"target\":[\"https:\\\/\\\/agendafamilial.ca\\\/gestion-medias-sociaux-facebook\\\/\"]}]},{\"@type\":\"BreadcrumbList\",\"@id\":\"https:\\\/\\\/agendafamilial.ca\\\/gestion-medias-sociaux-facebook\\\/#breadcrumb\",\"itemListElement\":[{\"@type\":\"ListItem\",\"position\":1,\"name\":\"Acceuil\",\"item\":\"https:\\\/\\\/agendafamilial.ca\\\/\"},{\"@type\":\"ListItem\",\"position\":2,\"name\":\"Gestion m\u00e9dias sociaux\"}]},{\"@type\":\"WebSite\",\"@id\":\"https:\\\/\\\/agendafamilial.ca\\\/#website\",\"url\":\"https:\\\/\\\/agendafamilial.ca\\\/\",\"name\":\"Agenda Familial\",\"description\":\"Nous sommes une agence web sur la Rive-Sud de Montr\u00e9al. Notre mission, aider les petites et moyennes entreprises \u00e0 am\u00e9liorer leur visibilit\u00e9 locale depuis 1992\",\"publisher\":{\"@id\":\"https:\\\/\\\/agendafamilial.ca\\\/#organization\"},\"potentialAction\":[{\"@type\":\"SearchAction\",\"target\":{\"@type\":\"EntryPoint\",\"urlTemplate\":\"https:\\\/\\\/agendafamilial.ca\\\/?s={search_term_string}\"},\"query-input\":{\"@type\":\"PropertyValueSpecification\",\"valueRequired\":true,\"valueName\":\"search_term_string\"}}],\"inLanguage\":\"en-CA\"},{\"@type\":\"Organization\",\"@id\":\"https:\\\/\\\/agendafamilial.ca\\\/#organization\",\"name\":\"Agenda Familial\",\"url\":\"https:\\\/\\\/agendafamilial.ca\\\/\",\"logo\":{\"@type\":\"ImageObject\",\"inLanguage\":\"en-CA\",\"@id\":\"https:\\\/\\\/agendafamilial.ca\\\/#\\\/schema\\\/logo\\\/image\\\/\",\"url\":\"https:\\\/\\\/agendafamilial.ca\\\/wp-content\\\/uploads\\\/2019\\\/04\\\/Logo_Agenda_Familial_Agence_Marketing.png\",\"contentUrl\":\"https:\\\/\\\/agendafamilial.ca\\\/wp-content\\\/uploads\\\/2019\\\/04\\\/Logo_Agenda_Familial_Agence_Marketing.png\",\"width\":150,\"height\":150,\"caption\":\"Agenda Familial\"},\"image\":{\"@id\":\"https:\\\/\\\/agendafamilial.ca\\\/#\\\/schema\\\/logo\\\/image\\\/\"},\"sameAs\":[\"https:\\\/\\\/www.facebook.com\\\/AgendaFamilial\\\/\"]}]}<\/script>\n<!-- \/ Yoast SEO plugin. -->","yoast_head_json":{"title":"Social media management - Agenda Familial | Facebook Marketing Agency","description":"We highly recommend the services of our marketing communications agency, which will always be ready to be the Community Manager of your Facebook page.","robots":{"index":"index","follow":"follow","max-snippet":"max-snippet:-1","max-image-preview":"max-image-preview:large","max-video-preview":"max-video-preview:-1"},"canonical":"https:\/\/agendafamilial.ca\/en\/facebook-social-media-management\/","og_locale":"en_US","og_type":"article","og_title":"Gestion m\u00e9dias sociaux - Agenda Familial | Agence Marketing Facebook","og_description":"Nous recommandons vivement les services de notre agence de communication marketing, qui sera toujours pr\u00eate \u00e0 \u00eatre le Community Manager de votre page Facebook.","og_url":"https:\/\/agendafamilial.ca\/en\/facebook-social-media-management\/","og_site_name":"Agenda Familial","article_publisher":"https:\/\/www.facebook.com\/AgendaFamilial\/","article_modified_time":"2020-12-14T21:31:09+00:00","twitter_card":"summary_large_image","twitter_misc":{"Est. reading time":"7 minutes"},"schema":{"@context":"https:\/\/schema.org","@graph":[{"@type":"WebPage","@id":"https:\/\/agendafamilial.ca\/gestion-medias-sociaux-facebook\/","url":"https:\/\/agendafamilial.ca\/gestion-medias-sociaux-facebook\/","name":"Social media management - Agenda Familial | Facebook Marketing Agency","isPartOf":{"@id":"https:\/\/agendafamilial.ca\/#website"},"datePublished":"2019-06-25T18:27:27+00:00","dateModified":"2020-12-14T21:31:09+00:00","description":"We highly recommend the services of our marketing communications agency, which will always be ready to be the Community Manager of your Facebook page.","breadcrumb":{"@id":"https:\/\/agendafamilial.ca\/gestion-medias-sociaux-facebook\/#breadcrumb"},"inLanguage":"en-CA","potentialAction":[{"@type":"ReadAction","target":["https:\/\/agendafamilial.ca\/gestion-medias-sociaux-facebook\/"]}]},{"@type":"BreadcrumbList","@id":"https:\/\/agendafamilial.ca\/gestion-medias-sociaux-facebook\/#breadcrumb","itemListElement":[{"@type":"ListItem","position":1,"name":"Acceuil","item":"https:\/\/agendafamilial.ca\/"},{"@type":"ListItem","position":2,"name":"Gestion m\u00e9dias sociaux"}]},{"@type":"WebSite","@id":"https:\/\/agendafamilial.ca\/#website","url":"https:\/\/agendafamilial.ca\/","name":"Family Agenda","description":"We're a web agency on Montreal's South Shore. Our mission, since 1992, has been to help small and medium-sized businesses improve their local visibility.","publisher":{"@id":"https:\/\/agendafamilial.ca\/#organization"},"potentialAction":[{"@type":"SearchAction","target":{"@type":"EntryPoint","urlTemplate":"https:\/\/agendafamilial.ca\/?s={search_term_string}"},"query-input":{"@type":"PropertyValueSpecification","valueRequired":true,"valueName":"search_term_string"}}],"inLanguage":"en-CA"},{"@type":"Organization","@id":"https:\/\/agendafamilial.ca\/#organization","name":"Family Agenda","url":"https:\/\/agendafamilial.ca\/","logo":{"@type":"ImageObject","inLanguage":"en-CA","@id":"https:\/\/agendafamilial.ca\/#\/schema\/logo\/image\/","url":"https:\/\/agendafamilial.ca\/wp-content\/uploads\/2019\/04\/Logo_Agenda_Familial_Agence_Marketing.png","contentUrl":"https:\/\/agendafamilial.ca\/wp-content\/uploads\/2019\/04\/Logo_Agenda_Familial_Agence_Marketing.png","width":150,"height":150,"caption":"Agenda Familial"},"image":{"@id":"https:\/\/agendafamilial.ca\/#\/schema\/logo\/image\/"},"sameAs":["https:\/\/www.facebook.com\/AgendaFamilial\/"]}]}},"_links":{"self":[{"href":"https:\/\/agendafamilial.ca\/en\/wp-json\/wp\/v2\/pages\/469","targetHints":{"allow":["GET"]}}],"collection":[{"href":"https:\/\/agendafamilial.ca\/en\/wp-json\/wp\/v2\/pages"}],"about":[{"href":"https:\/\/agendafamilial.ca\/en\/wp-json\/wp\/v2\/types\/page"}],"author":[{"embeddable":true,"href":"https:\/\/agendafamilial.ca\/en\/wp-json\/wp\/v2\/users\/2"}],"replies":[{"embeddable":true,"href":"https:\/\/agendafamilial.ca\/en\/wp-json\/wp\/v2\/comments?post=469"}],"version-history":[{"count":0,"href":"https:\/\/agendafamilial.ca\/en\/wp-json\/wp\/v2\/pages\/469\/revisions"}],"wp:attachment":[{"href":"https:\/\/agendafamilial.ca\/en\/wp-json\/wp\/v2\/media?parent=469"}],"curies":[{"name":"wp","href":"https:\/\/api.w.org\/{rel}","templated":true}]}}